{"id":3105,"date":"2023-01-27T12:19:08","date_gmt":"2023-01-27T11:19:08","guid":{"rendered":"https:\/\/carsale.kunden.loewenstark.de\/?page_id=3105"},"modified":"2023-12-20T13:12:38","modified_gmt":"2023-12-20T12:12:38","slug":"impressum","status":"publish","type":"page","link":"https:\/\/www.carsale24.com\/ch\/impressum\/","title":{"rendered":"Impressum"},"content":{"rendered":"<div id='av_section_1'  class='avia-section main_color avia-section-default avia-no-border-styling  avia-bg-style-scroll  avia-builder-el-0  el_before_av_section  avia-builder-el-first   container_wrap fullsize' style=' '  ><div class='container' ><main  role=\"main\" itemprop=\"mainContentOfPage\"  class='template-page content  av-content-full alpha units'><div class='post-entry post-entry-type-page post-entry-3105'><div class='entry-content-wrapper clearfix'>\n<div class=\"flex_column av_two_third  flex_column_div av-zero-column-padding first  avia-builder-el-1  avia-builder-el-no-sibling  \" style='border-radius:0px; '><section class=\"av_textblock_section \"  itemscope=\"itemscope\" itemtype=\"https:\/\/schema.org\/CreativeWork\" ><div class='avia_textblock  '   itemprop=\"text\" ><h2 class=\"title\" style=\"text-align: left;\">Impressum<\/h2>\n<p>Angaben gem\u00e4\u00df \u00a7 5 TMG<\/p>\n<p><strong>carmoto tectum GmbH<\/strong><br \/>\nvertreten durch die Gesch\u00e4ftsf\u00fchrer: Ulf Voigt, Lars H\u00e4ger<\/p>\n<p>Schopenstehl 20<br \/>\n20095 Hamburg<br \/>\nDeutschland<\/p>\n<table class=\"plain vtop\">\n<tbody>\n<tr>\n<td>Telefon:<\/td>\n<td>+49 40 &#8211; 573 083 612<br \/>\nMo.-Fr. 9-18 Uhr<\/td>\n<\/tr>\n<tr>\n<td>Fax:<\/td>\n<td>+49 40 &#8211; 573 083 696<\/td>\n<\/tr>\n<tr>\n<td>Web:<\/td>\n<td><a href=\"https:\/\/app.carsale24.com\/de-de\" target=\"_blank\" rel=\"noopener noreferrer\">www.carsale24.com<\/a><\/td>\n<\/tr>\n<tr>\n<td>E-Mail:<\/td>\n<td><a href=\"mailto:info@carsale24.com\">info@carsale24.com<\/a><\/td>\n<\/tr>\n<\/tbody>\n<\/table>\n<p>Registergericht: Amtsgericht Hamburg<br \/>\nHandelsregister: HRB 123228<\/p>\n<p>Umsatzsteuer-Identifikationsnummer gem\u00e4\u00df \u00a727 a Umsatzsteuergesetz:<br \/>\nDE283898872<\/p>\n<\/div><\/section><\/div><\/div><\/div><\/main><!-- close content main element --><\/div><\/div><div id='av_section_2'  class='avia-section main_color avia-section-default avia-no-border-styling  avia-bg-style-scroll  avia-builder-el-3  el_after_av_section  avia-builder-el-last   container_wrap fullsize' style=' '  ><div class='container' ><div class='template-page content  av-content-full alpha units'><div class='post-entry post-entry-type-page post-entry-3105'><div class='entry-content-wrapper clearfix'>\n<div class=\"flex_column av_one_full  flex_column_div av-zero-column-padding first  avia-builder-el-4  avia-builder-el-no-sibling  \" style='border-radius:0px; '><section class=\"av_textblock_section \"  itemscope=\"itemscope\" itemtype=\"https:\/\/schema.org\/CreativeWork\" ><div class='avia_textblock  '   itemprop=\"text\" ><h3 class=\"title\" style=\"text-align: left;\">Rechtliche Hinweise<\/h3>\n<h4 class=\"title\" style=\"text-align: left;\">Streitschlichtung<\/h4>\n<p style=\"text-align: left;\">Die EU-Kommission stellt eine Plattform f\u00fcr die au\u00dfergerichtliche Online-Streitbeilegung (OS- Plattform) bereit, die unter https:\/\/ec.europa.eu\/consumers\/odr aufrufbar ist.<br \/>\nZur Teilnahme an einem Streitbeilegungsverfahren vor einer Verbraucherschlichtungsstelle sind wir nicht verpflichtet und nicht bereit.<\/p>\n<h4 class=\"title\" style=\"text-align: left;\">Urheberrecht<\/h4>\n<p style=\"text-align: left;\">\u00a9 Copyright 2011-2021 carmoto tectum GmbH. Das Design dieser Website, die verwendeten Grafiken und Fotografien, die einzelnen Inhalte, insbesondere Texte sind urheberrechtlich gesch\u00fctzt. Nachdruck, Aufnahme in Online-Dienste und Internet, sowie Vervielf\u00e4ltigung auf Datentr\u00e4gern wie CD-ROM, DVD-ROM, etc. d\u00fcrfen nur nach vorheriger schriftlicher Zustimmung von carsale24 erfolgen.<\/p>\n<h4 class=\"title\" style=\"text-align: left;\">Verweise und Links<\/h4>\n<p style=\"text-align: left;\">Links zu Websites Dritter werden Ihnen auf dieser Website als reine Serviceleistung bzw. als Hinweis angeboten. F\u00fcr die Inhalte, zu denen verlinkt wird, sind die Anbieter der jeweiligen Websites selbst verantwortlich. Die carmoto tectum GmbH billigt die Drittinhalte weder, noch soll durch die Verlinkung eine Verbindung zwischen carsale24 und diesen Inhalten hergestellt werden.<\/p>\n<h4 class=\"title\" style=\"text-align: left;\">Haftungsausschluss<\/h4>\n<p style=\"text-align: left;\">Diese Website wird st\u00e4ndig \u00fcberarbeitet und aktualisiert. Dennoch kann die carmoto tectum GmbH keine Gew\u00e4hr f\u00fcr die Aktualit\u00e4t, Richtigkeit und Vollst\u00e4ndigkeit der bereitgestellten Informationen \u00fcbernehmen. Dies gilt insbesondere f\u00fcr alle Verweise und Links zu anderen Websites. Alle auf dieser Website genannten Produktnamen, Produktbezeichnungen und Logos sind eingetragene Warenzeichen und Eigentum der jeweiligen Rechteinhaber.<\/p>\n<p>Stand des Impressums: 20.12.2021<\/p>\n<\/div><\/section><\/div>\n<\/p>\n","protected":false},"excerpt":{"rendered":"","protected":false},"author":5,"featured_media":0,"parent":0,"menu_order":0,"comment_status":"closed","ping_status":"closed","template":"","meta":{"_acf_changed":false,"footnotes":""},"categories":[],"tags":[],"class_list":["post-3105","page","type-page","status-publish","hentry"],"acf":[],"_links":{"self":[{"href":"https:\/\/www.carsale24.com\/ch\/wp-json\/wp\/v2\/pages\/3105","targetHints":{"allow":["GET"]}}],"collection":[{"href":"https:\/\/www.carsale24.com\/ch\/wp-json\/wp\/v2\/pages"}],"about":[{"href":"https:\/\/www.carsale24.com\/ch\/wp-json\/wp\/v2\/types\/page"}],"author":[{"embeddable":true,"href":"https:\/\/www.carsale24.com\/ch\/wp-json\/wp\/v2\/users\/5"}],"replies":[{"embeddable":true,"href":"https:\/\/www.carsale24.com\/ch\/wp-json\/wp\/v2\/comments?post=3105"}],"version-history":[{"count":2,"href":"https:\/\/www.carsale24.com\/ch\/wp-json\/wp\/v2\/pages\/3105\/revisions"}],"predecessor-version":[{"id":5851,"href":"https:\/\/www.carsale24.com\/ch\/wp-json\/wp\/v2\/pages\/3105\/revisions\/5851"}],"wp:attachment":[{"href":"https:\/\/www.carsale24.com\/ch\/wp-json\/wp\/v2\/media?parent=3105"}],"wp:term":[{"taxonomy":"category","embeddable":true,"href":"https:\/\/www.carsale24.com\/ch\/wp-json\/wp\/v2\/categories?post=3105"},{"taxonomy":"post_tag","embeddable":true,"href":"https:\/\/www.carsale24.com\/ch\/wp-json\/wp\/v2\/tags?post=3105"}],"curies":[{"name":"wp","href":"https:\/\/api.w.org\/{rel}","templated":true}]}}