{"id":7180,"date":"2023-01-10T16:09:54","date_gmt":"2023-01-10T15:09:54","guid":{"rendered":"https:\/\/www.carsale24.com\/b2b\/"},"modified":"2023-01-10T16:09:54","modified_gmt":"2023-01-10T15:09:54","slug":"b2b","status":"publish","type":"page","link":"https:\/\/www.carsale24.com\/at\/b2b\/","title":{"rendered":"Gewerbekunden"},"content":{"rendered":"<div id='av_section_1'  class='avia-section main_color avia-section-default avia-no-border-styling  avia-bg-style-scroll  avia-builder-el-0  el_before_av_section  avia-builder-el-first  auto-verkaufen  container_wrap fullsize' style=' '  ><div class='container' ><main  role=\"main\" itemprop=\"mainContentOfPage\"  class='template-page content  av-content-full alpha units'><div class='post-entry post-entry-type-page post-entry-7180'><div class='entry-content-wrapper clearfix'>\n<div class='flex_column_table av-equal-height-column-flextable -flextable' ><div class=\"flex_column av_one_half  flex_column_table_cell av-equal-height-column av-align-middle av-zero-column-padding first  avia-builder-el-1  el_before_av_one_half  avia-builder-el-first  \" style='border-radius:0px; '><section class=\"av_textblock_section \"  itemscope=\"itemscope\" itemtype=\"https:\/\/schema.org\/CreativeWork\" ><div class='avia_textblock  '   itemprop=\"text\" ><h1>Gesch\u00e4ftskunden von <strong>carsale24<\/strong><\/h1>\n<p>Als carsale24 vermarkten wir Fahrzeuge aller Art an gewerbliche Kfz-H\u00e4ndler. Das Gesch\u00e4ftsmodell richtet sich sowohl an Privatpersonen als auch an Gesch\u00e4ftskunden. Als Gesch\u00e4ftskunde von carsale24 profitieren Sie von einem professionellen Partner. Wir finden L\u00f6sungen f\u00fcr Ihre Probleme, ganz gleich ob Sie Fahrzeuge kaufen oder verkaufen m\u00f6chten.<\/p>\n<p><strong>carsale24 ist: <\/strong>Transparent | Unabh\u00e4ngig | Schnell | Bequem | Sicher<\/p>\n<div class=\"content-middle\"><\/div>\n<\/div><\/section><br \/>\n<div  class='avia-buttonrow-wrap avia-buttonrow-left   avia-builder-el-3  el_after_av_textblock  avia-builder-el-last '>\n<a href='https:\/\/app.carsale24.com\/de-de\/dealer\/registration\/details'  class='avia-button  avia-icon_select-no avia-size-medium '  style='background-color:#23a84a; border-color:#23a84a; color:#ffffff; margin-bottom:5px; margin-right:5px; ' ><span class='avia_iconbox_title' >H\u00e4ndleranmeldung<\/span><\/a>\n<a href='https:\/\/app.carsale24.com\/de-de\/seller\/registration\/home'  class='avia-button  avia-icon_select-no avia-size-medium '  style='background-color:#23a84a; border-color:#23a84a; color:#ffffff; margin-bottom:5px; margin-right:5px; ' ><span class='avia_iconbox_title' >Auto verkaufen<\/span><\/a>\n<\/div><\/p><\/div><div class='av-flex-placeholder'><\/div><div class=\"flex_column av_one_half  flex_column_table_cell av-equal-height-column av-align-middle av-zero-column-padding   avia-builder-el-4  el_after_av_one_half  avia-builder-el-last  \" style='border-radius:0px; '><div  class='avia-image-container  av-styling-    avia-builder-el-5  avia-builder-el-no-sibling  avia-align-center '  itemprop=\"image\" itemscope=\"itemscope\" itemtype=\"https:\/\/schema.org\/ImageObject\"  ><div class='avia-image-container-inner'><div class='avia-image-overlay-wrap'><img decoding=\"async\" class='wp-image-3010 avia-img-lazy-loading-not-3010 avia_image' src=\"https:\/\/www.carsale24.com\/wp-content\/uploads\/2023\/01\/img-figur-daumen.png\" alt='' title='img-figur-daumen' height=\"395\" width=\"625\"  itemprop=\"thumbnailUrl\" srcset=\"https:\/\/www.carsale24.com\/wp-content\/uploads\/2023\/01\/img-figur-daumen.png 625w, https:\/\/www.carsale24.com\/wp-content\/uploads\/2023\/01\/img-figur-daumen-300x190.png 300w\" sizes=\"(max-width: 625px) 100vw, 625px\" \/><\/div><\/div><\/div><\/div><\/div><!--close column table wrapper. Autoclose: 1 -->\n\n<\/div><\/div><\/main><!-- close content main element --><\/div><\/div><div id='av_section_2'  class='avia-section main_color avia-section-default avia-no-border-styling  avia-bg-style-scroll  avia-builder-el-6  el_after_av_section  el_before_av_section   container_wrap fullsize' style=' '  ><div class='container' ><div class='template-page content  av-content-full alpha units'><div class='post-entry post-entry-type-page post-entry-7180'><div class='entry-content-wrapper clearfix'>\n<section class=\"av_textblock_section \"  itemscope=\"itemscope\" itemtype=\"https:\/\/schema.org\/CreativeWork\" ><div class='avia_textblock  '   itemprop=\"text\" ><h2 class=\"title\" style=\"text-align: center;\">Wir haben die passende L\u00f6sung<br \/>\n<strong>f\u00fcr Ihren Bedarf<\/strong><\/h2>\n<\/div><\/section>\n\n<\/div><\/div><\/div><!-- close content main div --><\/div><\/div><div id='av_section_3'  class='avia-section main_color avia-section-no-padding avia-no-border-styling  avia-bg-style-scroll  avia-builder-el-8  el_after_av_section  el_before_av_section  interessant  container_wrap fullsize' style=' '  ><div class='container' ><div class='template-page content  av-content-full alpha units'><div class='post-entry post-entry-type-page post-entry-7180'><div class='entry-content-wrapper clearfix'>\n<div class='flex_column_table av-equal-height-column-flextable -flextable' style='margin-top:20px; margin-bottom:20px; '><div class=\"flex_column av_one_third  flex_column_table_cell av-equal-height-column av-align-middle av-zero-column-padding avia-link-column av-column-link first  avia-builder-el-9  el_before_av_one_third  avia-builder-el-first  item \" style='border-radius:0px; ' data-link-column-url=\"https:\/\/www.carsale24.com\/b2b\/autohaendler\/\" ><a class=\"av-screen-reader-only\" href=https:\/\/www.carsale24.com\/b2b\/autohaendler\/ >Link to: Autoh\u00e4ndler<\/a><section class=\"av_textblock_section \"  itemscope=\"itemscope\" itemtype=\"https:\/\/schema.org\/CreativeWork\" ><div class='avia_textblock  '   itemprop=\"text\" ><p>Ich bin ein <strong>Autoh\u00e4ndler<\/strong> und m\u00f6chte \u00fcber carsale24 meine Inzahlungnahme abwickeln<\/p>\n<\/div><\/section><\/div><div class='av-flex-placeholder'><\/div><div class=\"flex_column av_one_third  flex_column_table_cell av-equal-height-column av-align-middle av-zero-column-padding avia-link-column av-column-link   avia-builder-el-11  el_after_av_one_third  el_before_av_one_third  item \" style='border-radius:0px; ' data-link-column-url=\"https:\/\/www.carsale24.com\/b2b\/fuhrparkbetreiber\/\" ><a class=\"av-screen-reader-only\" href=https:\/\/www.carsale24.com\/b2b\/fuhrparkbetreiber\/ >Link to: Fuhrparkbetreiber<\/a><section class=\"av_textblock_section \"  itemscope=\"itemscope\" itemtype=\"https:\/\/schema.org\/CreativeWork\" ><div class='avia_textblock  '   itemprop=\"text\" ><p>Ich bin ein <strong>Fuhrparkbetreiber<\/strong> und m\u00f6chte meine Flottenfahrzeuge vermarkten<\/p>\n<\/div><\/section><\/div><div class='av-flex-placeholder'><\/div><div class=\"flex_column av_one_third  flex_column_table_cell av-equal-height-column av-align-middle av-zero-column-padding avia-link-column av-column-link   avia-builder-el-13  el_after_av_one_third  el_before_av_one_third  item \" style='border-radius:0px; ' data-link-column-url=\"https:\/\/www.carsale24.com\/b2b\/sachverstaendige\/\" ><a class=\"av-screen-reader-only\" href=https:\/\/www.carsale24.com\/b2b\/sachverstaendige\/ >Link to: Sachverst\u00e4ndige<\/a><section class=\"av_textblock_section \"  itemscope=\"itemscope\" itemtype=\"https:\/\/schema.org\/CreativeWork\" ><div class='avia_textblock  '   itemprop=\"text\" ><p>Ich bin ein <strong>Sachverst\u00e4ndiger<\/strong> und m\u00f6chte \u00fcber carsale24 die Restwerte ermitteln<\/p>\n<\/div><\/section><\/div><\/div><!--close column table wrapper. Autoclose: 1 --><div class='flex_column_table av-equal-height-column-flextable -flextable' style='margin-top:20px; margin-bottom:20px; '><div class=\"flex_column av_one_third  flex_column_table_cell av-equal-height-column av-align-middle av-zero-column-padding avia-link-column av-column-link first  avia-builder-el-15  el_after_av_one_third  el_before_av_one_third  item column-top-margin\" style='border-radius:0px; ' data-link-column-url=\"https:\/\/www.carsale24.com\/b2b\/autohaus\/\" ><a class=\"av-screen-reader-only\" href=https:\/\/www.carsale24.com\/b2b\/autohaus\/ >Link to: Autoh\u00e4user<\/a><section class=\"av_textblock_section \"  itemscope=\"itemscope\" itemtype=\"https:\/\/schema.org\/CreativeWork\" ><div class='avia_textblock  '   itemprop=\"text\" ><p>Ich bin ein <strong>Kfz-H\u00e4ndler<\/strong> und m\u00f6chte \u00fcber carsale24 Fahrzeuge zukaufen<\/p>\n<\/div><\/section><\/div><div class='av-flex-placeholder'><\/div><div class=\"flex_column av_one_third  flex_column_table_cell av-equal-height-column av-align-middle av-zero-column-padding avia-link-column av-column-link   avia-builder-el-17  el_after_av_one_third  el_before_av_one_third  item column-top-margin\" style='border-radius:0px; ' data-link-column-url=\"https:\/\/www.carsale24.com\/b2b\/trade-in-service\/\" ><a class=\"av-screen-reader-only\" href=https:\/\/www.carsale24.com\/b2b\/trade-in-service\/ >Link to: Trade-in Service<\/a><section class=\"av_textblock_section \"  itemscope=\"itemscope\" itemtype=\"https:\/\/schema.org\/CreativeWork\" ><div class='avia_textblock  '   itemprop=\"text\" ><p>Ich verkaufe Autos und suche einen Partner f\u00fcr <strong>Online-Inzahlungnahmen<\/strong><\/p>\n<\/div><\/section><\/div><div class='av-flex-placeholder'><\/div><div class=\"flex_column av_one_third  flex_column_table_cell av-equal-height-column av-align-middle av-zero-column-padding avia-link-column av-column-link   avia-builder-el-19  el_after_av_one_third  el_before_av_one_third  item column-top-margin\" style='border-radius:0px; ' data-link-column-url=\"https:\/\/www.carsale24.com\/b2b\/versicherer\/\" ><a class=\"av-screen-reader-only\" href=https:\/\/www.carsale24.com\/b2b\/versicherer\/ >Link to: Versicherer<\/a><section class=\"av_textblock_section \"  itemscope=\"itemscope\" itemtype=\"https:\/\/schema.org\/CreativeWork\" ><div class='avia_textblock  '   itemprop=\"text\" ><p>Ich bin ein <strong>Versicherungsunternehmen<\/strong> und m\u00f6chte \u00fcber carsale24 Geld einsparen<\/p>\n<\/div><\/section><\/div><\/div><!--close column table wrapper. Autoclose: 1 --><div class='flex_column_table av-equal-height-column-flextable -flextable' style='margin-top:20px; margin-bottom:20px; '><div class=\"flex_column av_one_third  flex_column_table_cell av-equal-height-column av-align-middle av-zero-column-padding avia-link-column av-column-link first  avia-builder-el-21  el_after_av_one_third  el_before_av_one_third  item column-top-margin\" style='border-radius:0px; ' data-link-column-url=\"https:\/\/www.carsale24.com\/b2b\/nachlassverwalter\/\" ><a class=\"av-screen-reader-only\" href=https:\/\/www.carsale24.com\/b2b\/nachlassverwalter\/ >Link to: Nachlassverwalter<\/a><section class=\"av_textblock_section \"  itemscope=\"itemscope\" itemtype=\"https:\/\/schema.org\/CreativeWork\" ><div class='avia_textblock  '   itemprop=\"text\" ><p>Ich bin <strong>Nachlassverwalter<\/strong> und m\u00f6chte transparent und bequem Kaufangebote erhalten<\/p>\n<\/div><\/section><\/div><div class='av-flex-placeholder'><\/div><div class=\"flex_column av_one_third  flex_column_table_cell av-equal-height-column av-align-middle av-zero-column-padding avia-link-column av-column-link   avia-builder-el-23  el_after_av_one_third  el_before_av_one_third  item column-top-margin\" style='border-radius:0px; ' data-link-column-url=\"https:\/\/www.carsale24.com\/b2b\/insolvenzverwalter\/\" ><a class=\"av-screen-reader-only\" href=https:\/\/www.carsale24.com\/b2b\/insolvenzverwalter\/ >Link to: Insolvenzverwalter<\/a><section class=\"av_textblock_section \"  itemscope=\"itemscope\" itemtype=\"https:\/\/schema.org\/CreativeWork\" ><div class='avia_textblock  '   itemprop=\"text\" ><p>Ich bin <strong>Insolvenzverwalter<\/strong> und m\u00f6chte transparent und ohne Aufwand Fahrzeuge verkaufen<\/p>\n<\/div><\/section><\/div><div class='av-flex-placeholder'><\/div><div class=\"flex_column av_one_third  flex_column_table_cell av-equal-height-column av-align-middle av-zero-column-padding   avia-builder-el-25  el_after_av_one_third  avia-builder-el-last  column-top-margin\" style='border-radius:0px; '><div  class='avia-button-wrap avia-button-center  avia-builder-el-26  avia-builder-el-no-sibling ' ><a href='https:\/\/www.carsale24.com\/b2b\/hilfe\/'  class='avia-button  avia-color-theme-color   avia-icon_select-no avia-size-large avia-position-center '   ><span class='avia_iconbox_title' >FAQ Bereich f\u00fcr Gesch\u00e4ftskunden<\/span><\/a><\/div><\/div><\/div><!--close column table wrapper. Autoclose: 1 -->\n\n<\/div><\/div><\/div><!-- close content main div --><\/div><\/div><div id='so-verkaufen-sie'  class='avia-section main_color avia-section-huge avia-no-border-styling  avia-bg-style-scroll  avia-builder-el-27  el_after_av_section  el_before_av_section   container_wrap fullsize' style=' '  ><div class='container' ><div class='template-page content  av-content-full alpha units'><div class='post-entry post-entry-type-page post-entry-7180'><div class='entry-content-wrapper clearfix'>\n<div class=\"flex_column av_one_third  flex_column_div av-zero-column-padding first  avia-builder-el-28  el_before_av_one_third  avia-builder-el-first  \" style='border-radius:0px; '><section class=\"av_textblock_section \"  itemscope=\"itemscope\" itemtype=\"https:\/\/schema.org\/CreativeWork\" ><div class='avia_textblock  '   itemprop=\"text\" ><h3 style=\"text-align: center;\">Autos <strong>kaufen<\/strong><\/h3>\n<p style=\"text-align: center;\">Sind Sie gewerblicher Automobilh\u00e4ndler, dann k\u00f6nnen Sie carsale24 nutzen, um Ihre Fahrzeuge zu vermarkten und neue Autos zu kaufen. Sie k\u00f6nnen sich ganz einfach <a href=\"https:\/\/app.carsale24.com\/de-de\/dealer\/registration\/details\">hier<\/a> als Gebrauchtwagenh\u00e4ndler registrieren. Nach der Pr\u00fcfung Ihrer Unterlagen erfolgt die Freischaltung und Sie k\u00f6nnen in den carsale24-Auktionen Fahrzeuge kaufen.<\/p>\n<\/div><\/section><\/div><div class=\"flex_column av_one_third  flex_column_div av-zero-column-padding   avia-builder-el-30  el_after_av_one_third  el_before_av_one_third  \" style='border-radius:0px; '><section class=\"av_textblock_section \"  itemscope=\"itemscope\" itemtype=\"https:\/\/schema.org\/CreativeWork\" ><div class='avia_textblock  '   itemprop=\"text\" ><h3 style=\"text-align: center;\">Autos <strong>verkaufen<\/strong><\/h3>\n<p style=\"text-align: center;\">Wir arbeiten mit einem bundesweit aufgestellten Netzwerk von Automobilh\u00e4ndlern zusammen. Durch die breite Masse der Kfz-H\u00e4ndler wird eine stetige Nachfrage nach Fahrzeugen aller Art gew\u00e4hrleistet. carsale24 ist in der Lage gro\u00dfe Fuhrparks, unbeliebte Langsteher oder stark besch\u00e4digte Fahrzeuge zu vermarkten.<\/p>\n<\/div><\/section><\/div><div class=\"flex_column av_one_third  flex_column_div av-zero-column-padding   avia-builder-el-32  el_after_av_one_third  el_before_av_hr  \" style='border-radius:0px; '><section class=\"av_textblock_section \"  itemscope=\"itemscope\" itemtype=\"https:\/\/schema.org\/CreativeWork\" ><div class='avia_textblock  '   itemprop=\"text\" ><h3 style=\"text-align: center;\">Autos <strong>in Zahlung nehmen<\/strong><\/h3>\n<p style=\"text-align: center;\">Wir bieten unseren Service auch als Partnerl\u00f6sung an. Entweder durch einfache Verlinkung oder auch mit einer tieferen Integration via Schnittstelle. Wenn Sie einen Partner f\u00fcr Online-Inzahlungnahmen f\u00fcr Ihre Webseite oder Ihren Gesch\u00e4ftsprozess brauchen, erfahren Sie hier mehr: <a href=\"https:\/\/www.carsale24.com\/b2b\/trade-in-service\/\">Trade-in<\/a><\/p>\n<\/div><\/section><\/div><div  style='height:20px' class='hr hr-invisible   avia-builder-el-34  el_after_av_one_third  avia-builder-el-last '><span class='hr-inner ' ><span class='hr-inner-style'><\/span><\/span><\/div>\n\n<\/div><\/div><\/div><!-- close content main div --><\/div><\/div><div id='av_section_5'  class='avia-section main_color avia-section-default avia-no-border-styling  avia-bg-style-scroll  avia-builder-el-35  el_after_av_section  el_before_av_section  bg-position  container_wrap fullsize' style='background-repeat: no-repeat; background-image: url(https:\/\/www.carsale24.com\/wp-content\/uploads\/2022\/07\/tesla-side.png);background-attachment: scroll; background-position: bottom left;  '  data-section-bg-repeat='no-repeat'><div class='container' ><div class='template-page content  av-content-full alpha units'><div class='post-entry post-entry-type-page post-entry-7180'><div class='entry-content-wrapper clearfix'>\n<div class='flex_column_table av-equal-height-column-flextable -flextable' ><div class=\"flex_column av_one_half  flex_column_table_cell av-equal-height-column av-align-top av-zero-column-padding first  avia-builder-el-36  el_before_av_one_half  avia-builder-el-first  vorteile-links \" style='border-radius:0px; '><section class=\"av_textblock_section \"  itemscope=\"itemscope\" itemtype=\"https:\/\/schema.org\/CreativeWork\" ><div class='avia_textblock  '   itemprop=\"text\" ><h2 class=\"title\">Warum lohnt sich eine <strong>Partnerschaft mit carsale24?<\/strong><\/h2>\n<p>Mit carsale24 werden Autos risikofrei innerhalb von 3 Tagen an den Meistbietenden verkauft. Wir finden f\u00fcr jeden unserer Partner eine passende L\u00f6sung, egal ob Sie Fahrzeuge kaufen oder verkaufen m\u00f6chten. Sollten Sie Fragen haben, dann freuen wir uns Ihnen unter unserer Rufnummer unverbindlich weiterhelfen zu d\u00fcrfen.<\/p>\n<\/div><\/section><\/div><div class='av-flex-placeholder'><\/div><div class=\"flex_column av_one_half  flex_column_table_cell av-equal-height-column av-align-top av-zero-column-padding   avia-builder-el-38  el_after_av_one_half  avia-builder-el-last  vorteile-rechts \" style='border-radius:0px; '><section class=\"av_textblock_section \"  itemscope=\"itemscope\" itemtype=\"https:\/\/schema.org\/CreativeWork\" ><div class='avia_textblock vorteil '   itemprop=\"text\" ><h3>Kein Aufwand<\/h3>\n<p>carsale24 k\u00fcmmert sich um die Einstellung der Fahrzeuge<\/p>\n<\/div><\/section><br \/>\n<section class=\"av_textblock_section \"  itemscope=\"itemscope\" itemtype=\"https:\/\/schema.org\/CreativeWork\" ><div class='avia_textblock vorteil '   itemprop=\"text\" ><h3>Gute Preise<\/h3>\n<p class=\"vorteil_text\">carsale24 verkauft Ihr Auto meistbietend an eine Vielzahl \u00fcberregionaler H\u00e4ndler<\/p>\n<\/div><\/section><br \/>\n<section class=\"av_textblock_section \"  itemscope=\"itemscope\" itemtype=\"https:\/\/schema.org\/CreativeWork\" ><div class='avia_textblock vorteil '   itemprop=\"text\" ><h3>Transparente Gebote<\/h3>\n<p class=\"vorteil_text\">carsale24 liefert alle Angebote \u00fcbersichtlich aufgelistet<\/p>\n<\/div><\/section><br \/>\n<section class=\"av_textblock_section \"  itemscope=\"itemscope\" itemtype=\"https:\/\/schema.org\/CreativeWork\" ><div class='avia_textblock vorteil '   itemprop=\"text\" ><h3>\u00dcberpr\u00fcfte Aufk\u00e4ufer<\/h3>\n<p class=\"vorteil_text\">carsale24 \u00fcberpr\u00fcft jeden H\u00e4ndler nach zahlreichen Kriterien<\/p>\n<\/div><\/section><br \/>\n<section class=\"av_textblock_section \"  itemscope=\"itemscope\" itemtype=\"https:\/\/schema.org\/CreativeWork\" ><div class='avia_textblock vorteil '   itemprop=\"text\" ><h3>Professionell<\/h3>\n<p class=\"vorteil_text\">carsale24 garantiert Kaufangebote auf alle inserierten Fahrzeuge<\/p>\n<\/div><\/section><br \/>\n<section class=\"av_textblock_section \"  itemscope=\"itemscope\" itemtype=\"https:\/\/schema.org\/CreativeWork\" ><div class='avia_textblock vorteil '   itemprop=\"text\" ><h3>Schnell<\/h3>\n<p class=\"vorteil_text\">carsale24 steht f\u00fcr vollautomatische Prozesse<\/p>\n<\/div><\/section><\/p><\/div><\/div><!--close column table wrapper. Autoclose: 1 -->\n\n<\/div><\/div><\/div><!-- close content main div --><\/div><\/div><div id='av_section_6'  class='avia-section main_color avia-section-default avia-no-border-styling  avia-bg-style-scroll  avia-builder-el-45  el_after_av_section  avia-builder-el-last  footer-contact  container_wrap fullsize' style='background-color: #ffffff;  '  ><div class='container' ><div class='template-page content  av-content-full alpha units'><div class='post-entry post-entry-type-page post-entry-7180'><div class='entry-content-wrapper clearfix'>\n<div class=\"flex_column av_three_fourth  flex_column_div av-zero-column-padding first  avia-builder-el-46  el_before_av_one_third  avia-builder-el-first  \" style='border-radius:0px; '><section class=\"av_textblock_section \"  itemscope=\"itemscope\" itemtype=\"https:\/\/schema.org\/CreativeWork\" ><div class='avia_textblock  '   itemprop=\"text\" ><p class=\"title\"><b>Unser Angebot ist zu 100 % erfolgsabh\u00e4ngig durch die K\u00e4uferseite finanziert. Ihnen als Einlieferer entstehen keinerlei Einstellungskosten.<\/b><\/p>\n<\/div><\/section><\/div><div class='flex_column_table av-equal-height-column-flextable -flextable' ><div class=\"flex_column av_one_third  flex_column_table_cell av-equal-height-column av-align-top av-zero-column-padding first  avia-builder-el-48  el_after_av_three_fourth  el_before_av_one_third  left-site column-top-margin\" style='border-radius:0px; '><section class=\"av_textblock_section \"  itemscope=\"itemscope\" itemtype=\"https:\/\/schema.org\/CreativeWork\" ><div class='avia_textblock  '   itemprop=\"text\" ><p><strong>Unser professionelles Team aus Automobilkaufleuten, IT-Entwicklern und Kundenbetreuern steht Ihnen gerne beratend zur Seite.<\/strong><\/p>\n<p><strong>Vereinbaren Sie einen Termin mit uns und lassen Sie sich von unseren Vorteilen \u00fcberzeugen.<\/strong><\/p>\n<\/div><\/section><\/div><div class='av-flex-placeholder'><\/div><div class=\"flex_column av_one_third  flex_column_table_cell av-equal-height-column av-align-top av-zero-column-padding   avia-builder-el-50  el_after_av_one_third  el_before_av_one_third  left-site column-top-margin\" style='border-radius:0px; '><section class=\"av_textblock_section \"  itemscope=\"itemscope\" itemtype=\"https:\/\/schema.org\/CreativeWork\" ><div class='avia_textblock footer-contact-middle '   itemprop=\"text\" ><p class=\"line\"><strong>Wir sind f\u00fcr Sie zu erreichen:<\/strong><\/p>\n<p class=\"line\">carsale24 Vertrieb<\/p>\n<p class=\"line margin-bottom\"><span class=\"left\">Mo.-Fr.<\/span> <span class=\"right\">9-18 Uhr<\/span><\/p>\n<p class=\"line\"><span class=\"left\">Telefon:<\/span> <span class=\"right\">+49&nbsp;40&nbsp;-&nbsp;573&nbsp;083&nbsp;612<\/span><\/p>\n<p class=\"line\"><span class=\"left\">Telefax:<\/span> <span class=\"right\">+49&nbsp;40&nbsp;-&nbsp;573&nbsp;083&nbsp;696<\/span><\/p>\n<p class=\"line\"><span class=\"left\">E-Mail:<\/span> <a href=\"mailto:vertrieb@carsale24.com\">vertrieb@carsale24.com<\/a><\/p>\n<\/div><\/section><br \/>\n<section class=\"av_textblock_section \"  itemscope=\"itemscope\" itemtype=\"https:\/\/schema.org\/CreativeWork\" ><div class='avia_textblock  '   itemprop=\"text\" ><p><strong>Oder verabreden Sie einen Online-Beratungstermin<\/strong><\/p>\n<\/div><\/section><br \/>\n<div  class='avia-button-wrap avia-button-left  avia-builder-el-53  el_after_av_textblock  avia-builder-el-last ' ><a href='https:\/\/www.carsale24.com\/kontakt\/'  class='avia-button   avia-icon_select-no avia-size-x-large avia-position-left '  style='background-color:#f8da00; border-color:#f8da00; color:#1c3548; ' ><span class='avia_iconbox_title' >Termin anfragen<\/span><\/a><\/div><\/p><\/div><div class='av-flex-placeholder'><\/div><div class=\"flex_column av_one_third  av-hide-on-mobile  flex_column_table_cell av-equal-height-column av-align-top   avia-builder-el-54  el_after_av_one_third  avia-builder-el-last  right column-top-margin\" style='padding:100px 0 0 0 ; border-radius:0px; '><div  class='avia-image-container  av-styling-    avia-builder-el-55  avia-builder-el-no-sibling  avia-align-center '  itemprop=\"image\" itemscope=\"itemscope\" itemtype=\"https:\/\/schema.org\/ImageObject\"  ><div class='avia-image-container-inner'><div class='avia-image-overlay-wrap'><img decoding=\"async\" class='wp-image-3849 avia-img-lazy-loading-3849 avia_image' src=\"https:\/\/www.carsale24.com\/wp-content\/uploads\/2023\/05\/cs24-FIGUR-daumen-400x400-1.png\" alt='carsale24 Maskottchen beim Autoverkauf' title='' height=\"400\" width=\"400\"  itemprop=\"thumbnailUrl\" srcset=\"https:\/\/www.carsale24.com\/wp-content\/uploads\/2023\/05\/cs24-FIGUR-daumen-400x400-1.png 400w, https:\/\/www.carsale24.com\/wp-content\/uploads\/2023\/05\/cs24-FIGUR-daumen-400x400-1-300x300.png 300w, https:\/\/www.carsale24.com\/wp-content\/uploads\/2023\/05\/cs24-FIGUR-daumen-400x400-1-80x80.png 80w, https:\/\/www.carsale24.com\/wp-content\/uploads\/2023\/05\/cs24-FIGUR-daumen-400x400-1-36x36.png 36w, https:\/\/www.carsale24.com\/wp-content\/uploads\/2023\/05\/cs24-FIGUR-daumen-400x400-1-180x180.png 180w, https:\/\/www.carsale24.com\/wp-content\/uploads\/2023\/05\/cs24-FIGUR-daumen-400x400-1-150x150.png 150w\" sizes=\"(max-width: 400px) 100vw, 400px\" \/><\/div><\/div><\/div><\/div><\/div><!--close column table wrapper. Autoclose: 1 -->\n","protected":false},"excerpt":{"rendered":"","protected":false},"author":4,"featured_media":0,"parent":0,"menu_order":0,"comment_status":"closed","ping_status":"closed","template":"","meta":{"_acf_changed":false,"footnotes":""},"categories":[],"tags":[],"class_list":["post-7180","page","type-page","status-publish","hentry"],"acf":[],"_links":{"self":[{"href":"https:\/\/www.carsale24.com\/at\/wp-json\/wp\/v2\/pages\/7180","targetHints":{"allow":["GET"]}}],"collection":[{"href":"https:\/\/www.carsale24.com\/at\/wp-json\/wp\/v2\/pages"}],"about":[{"href":"https:\/\/www.carsale24.com\/at\/wp-json\/wp\/v2\/types\/page"}],"author":[{"embeddable":true,"href":"https:\/\/www.carsale24.com\/at\/wp-json\/wp\/v2\/users\/4"}],"replies":[{"embeddable":true,"href":"https:\/\/www.carsale24.com\/at\/wp-json\/wp\/v2\/comments?post=7180"}],"version-history":[{"count":0,"href":"https:\/\/www.carsale24.com\/at\/wp-json\/wp\/v2\/pages\/7180\/revisions"}],"wp:attachment":[{"href":"https:\/\/www.carsale24.com\/at\/wp-json\/wp\/v2\/media?parent=7180"}],"wp:term":[{"taxonomy":"category","embeddable":true,"href":"https:\/\/www.carsale24.com\/at\/wp-json\/wp\/v2\/categories?post=7180"},{"taxonomy":"post_tag","embeddable":true,"href":"https:\/\/www.carsale24.com\/at\/wp-json\/wp\/v2\/tags?post=7180"}],"curies":[{"name":"wp","href":"https:\/\/api.w.org\/{rel}","templated":true}]}}