{"id":6049,"date":"2023-01-10T19:14:05","date_gmt":"2023-01-10T18:14:05","guid":{"rendered":"https:\/\/www.carsale24.com\/erfahrungen\/"},"modified":"2025-11-19T16:25:28","modified_gmt":"2025-11-19T15:25:28","slug":"erfahrungen","status":"publish","type":"page","link":"https:\/\/www.carsale24.com\/at\/erfahrungen\/","title":{"rendered":"Erfahrungen"},"content":{"rendered":"<div id='av_section_1'  class='avia-section main_color avia-section-default avia-no-border-styling  avia-bg-style-scroll  avia-builder-el-0  el_before_av_section  avia-builder-el-first   container_wrap fullsize' style=' '  ><div class='container' ><main  role=\"main\" itemprop=\"mainContentOfPage\"  class='template-page content  av-content-full alpha units'><div class='post-entry post-entry-type-page post-entry-6049'><div class='entry-content-wrapper clearfix'>\n<div class=\"flex_column av_one_half  flex_column_div av-zero-column-padding first  avia-builder-el-1  el_before_av_one_half  avia-builder-el-first  \" style='border-radius:0px; '><section class=\"av_textblock_section \"  itemscope=\"itemscope\" itemtype=\"https:\/\/schema.org\/CreativeWork\" ><div class='avia_textblock haendler '   itemprop=\"text\" ><h1>carsale24 Erfahrungen<br \/>\n<strong>aus erster Hand <\/strong><\/h1>\n<p>Ihre Zufriedenheit hat bei uns h\u00f6chste Priorit\u00e4t! Damit wir Ihnen einen optimalen Service bieten k\u00f6nnen, holen wir uns regelm\u00e4\u00dfig ausf\u00fchrliches Kundenfeedback ein und optimieren den Prozess stetig weiter. Lesen Sie hier, welche Erfahrungen unsere Verk\u00e4ufer machen, und wie uns unabh\u00e4ngige Portale bewerten.<\/p>\n<\/div><\/section><br \/>\n<section class=\"av_textblock_section \"  itemscope=\"itemscope\" itemtype=\"https:\/\/schema.org\/CreativeWork\" ><div class='avia_textblock haendler '   itemprop=\"text\" ><\/div><\/section><br \/>\n<section class=\"av_textblock_section \"  itemscope=\"itemscope\" itemtype=\"https:\/\/schema.org\/CreativeWork\" ><div class='avia_textblock haendler '   itemprop=\"text\" ><\/div><\/section><br \/>\n<section class=\"av_textblock_section \"  itemscope=\"itemscope\" itemtype=\"https:\/\/schema.org\/CreativeWork\" ><div class='avia_textblock haendler '   itemprop=\"text\" ><\/div><\/section><br \/>\n<section class=\"av_textblock_section \"  itemscope=\"itemscope\" itemtype=\"https:\/\/schema.org\/CreativeWork\" ><div class='avia_textblock haendler '   itemprop=\"text\" ><\/div><\/section><br \/>\n<section class=\"av_textblock_section \"  itemscope=\"itemscope\" itemtype=\"https:\/\/schema.org\/CreativeWork\" ><div class='avia_textblock haendler '   itemprop=\"text\" ><\/div><\/section><br \/>\n<section class=\"av_textblock_section \"  itemscope=\"itemscope\" itemtype=\"https:\/\/schema.org\/CreativeWork\" ><div class='avia_textblock haendler '   itemprop=\"text\" ><\/div><\/section><br \/>\n<div  class='avia-button-wrap avia-button-left  avia-builder-el-9  el_after_av_textblock  avia-builder-el-last ' ><a href='https:\/\/app.carsale24.com\/de-de\/seller\/registration\/home'  class='avia-button   avia-icon_select-no avia-size-x-large avia-position-left '  style='background-color:#0fa23a; border-color:#0fa23a; color:#ffffff; ' ><span class='avia_iconbox_title' >Auto kostenlos verkaufen<\/span><\/a><\/div><\/p><\/div><div class=\"flex_column av_one_half  flex_column_div av-zero-column-padding   avia-builder-el-10  el_after_av_one_half  avia-builder-el-last  \" style='border-radius:0px; '><div  class='avia-image-container  av-styling-    avia-builder-el-11  avia-builder-el-no-sibling  avia-align-center '  itemprop=\"image\" itemscope=\"itemscope\" itemtype=\"https:\/\/schema.org\/ImageObject\"  ><div class='avia-image-container-inner'><div class='avia-image-overlay-wrap'><img decoding=\"async\" class='wp-image-3018 avia-img-lazy-loading-not-3018 avia_image' src=\"https:\/\/www.carsale24.com\/wp-content\/uploads\/2023\/01\/img-figur-zufriedenheit.png\" alt='' title='img-figur-zufriedenheit' height=\"395\" width=\"625\"  itemprop=\"thumbnailUrl\" srcset=\"https:\/\/www.carsale24.com\/wp-content\/uploads\/2023\/01\/img-figur-zufriedenheit.png 625w, https:\/\/www.carsale24.com\/wp-content\/uploads\/2023\/01\/img-figur-zufriedenheit-300x190.png 300w\" sizes=\"(max-width: 625px) 100vw, 625px\" \/><\/div><\/div><\/div><\/div>\n\n<\/div><\/div><\/main><!-- close content main element --><\/div><\/div><div id='av_section_2'  class='avia-section main_color avia-section-no-padding avia-no-border-styling  avia-bg-style-scroll  avia-builder-el-12  el_after_av_section  el_before_av_section   container_wrap fullsize' style=' '  ><div class='container' ><div class='template-page content  av-content-full alpha units'><div class='post-entry post-entry-type-page post-entry-6049'><div class='entry-content-wrapper clearfix'>\n<section class=\"av_textblock_section \"  itemscope=\"itemscope\" itemtype=\"https:\/\/schema.org\/CreativeWork\" ><div class='avia_textblock  '   itemprop=\"text\" ><h2 style=\"text-align: center;\">Testberichte <strong>zu carsale24<\/strong><\/h2>\n<p style=\"text-align: center;\">Automobilexperten und Vergleichsportale stellen carsale24 regelm\u00e4\u00dfig auf die Probe und lassen unseren Service gegen Wettbewerber und alternative Verkaufsprozesse antreten. Erfahren Sie hier, wie wir dabei abschneiden.<\/p>\n<\/div><\/section>\n<div class=\"flex_column av_one_fourth  flex_column_div av-zero-column-padding first  avia-builder-el-14  el_after_av_textblock  el_before_av_one_fourth  column-top-margin\" style='border-radius:0px; '><section class=\"av_textblock_section \"  itemscope=\"itemscope\" itemtype=\"https:\/\/schema.org\/CreativeWork\" ><div class='avia_textblock  '   itemprop=\"text\" ><p style=\"text-align: center;\"><em><strong><img decoding=\"async\" class=\"size-full wp-image-624 aligncenter\" src=\"https:\/\/www.carsale24.com\/wp-content\/uploads\/2022\/08\/stern.png\" alt=\"Stern Logo\" width=\"165\" height=\"60\" \/><\/strong><\/em><strong>\u201eWer sich erm\u00fcdende Preisverhandlungen ersparen m\u00f6chte, dem empfehle ich den Autoank\u00e4ufer carsale24.\u201d<\/strong><\/p>\n<\/div><\/section><\/div><div class=\"flex_column av_one_fourth  flex_column_div av-zero-column-padding   avia-builder-el-16  el_after_av_one_fourth  el_before_av_one_fourth  column-top-margin\" style='border-radius:0px; '><section class=\"av_textblock_section \"  itemscope=\"itemscope\" itemtype=\"https:\/\/schema.org\/CreativeWork\" ><div class='avia_textblock  '   itemprop=\"text\" ><p style=\"text-align: center;\"><em><strong><img decoding=\"async\" class=\"wp-image-623 size-full aligncenter\" src=\"https:\/\/www.carsale24.com\/wp-content\/uploads\/2022\/08\/ekomi.png\" alt=\"eKomi Logo\" width=\"148\" height=\"60\" \/><\/strong><\/em><strong>carsale24 ist schon seit langem mit dem eKomi Goldsiegel ausgezeichnet. Dies steht f\u00fcr exzellenten Kundenservice.<\/strong><\/p>\n<\/div><\/section><\/div><div class=\"flex_column av_one_fourth  flex_column_div av-zero-column-padding   avia-builder-el-18  el_after_av_one_fourth  el_before_av_one_fourth  column-top-margin\" style='border-radius:0px; '><section class=\"av_textblock_section \"  itemscope=\"itemscope\" itemtype=\"https:\/\/schema.org\/CreativeWork\" ><div class='avia_textblock  '   itemprop=\"text\" ><p style=\"text-align: center;\"><em><strong><img decoding=\"async\" class=\"wp-image-8428 size-full aligncenter\" src=\"https:\/\/www.carsale24.com\/wp-content\/uploads\/logo-trustpilot-244x60-1.png\" alt=\"\" width=\"244\" height=\"60\" \/><\/strong><\/em><strong>Reibungslose Abwicklung und hilfreiche Unterst\u00fctzung \u2013 daf\u00fcr sch\u00e4tzen Verbraucher carsale24 auf Trustpilot.<\/strong><\/p>\n<\/div><\/section><\/div><div class=\"flex_column av_one_fourth  flex_column_div av-zero-column-padding   avia-builder-el-20  el_after_av_one_fourth  avia-builder-el-last  column-top-margin\" style='border-radius:0px; '><section class=\"av_textblock_section \"  itemscope=\"itemscope\" itemtype=\"https:\/\/schema.org\/CreativeWork\" ><div class='avia_textblock  '   itemprop=\"text\" ><p style=\"text-align: center;\"><em><strong><img decoding=\"async\" class=\"wp-image-625 size-full aligncenter\" src=\"https:\/\/www.carsale24.com\/wp-content\/uploads\/2022\/08\/vergleich.png\" alt=\"Vergleich.org Logo\" width=\"54\" height=\"60\" \/><\/strong><\/em><strong>carsale24 ist mit Note 1,8 (gut) Sieger im Vergleich von H\u00e4ndlerportalen zum Thema <a href=\"https:\/\/www.carsale24.com\/autoankauf\/gebrauchtwagen-verkaufen\/\" data-internallinksmanager029f6b8e52c=\"14\" title=\"Gebrauchtwagen verkaufen\">Gebrauchtwagenverkauf<\/a>.<\/strong><\/p>\n<\/div><\/section><\/div>\n\n<\/div><\/div><\/div><!-- close content main div --><\/div><\/div><div id='av_section_3'  class='avia-section main_color avia-section-large avia-no-border-styling  avia-bg-style-scroll  avia-builder-el-22  el_after_av_section  el_before_av_section   container_wrap fullsize' style=' '  ><div class='container' ><div class='template-page content  av-content-full alpha units'><div class='post-entry post-entry-type-page post-entry-6049'><div class='entry-content-wrapper clearfix'>\n<div class=\"flex_column av_one_third  flex_column_div av-zero-column-padding first  avia-builder-el-23  el_before_av_two_third  avia-builder-el-first  \" style='border-radius:0px; '><div  class='avia-image-container  av-styling-    avia-builder-el-24  avia-builder-el-no-sibling  avia-align-center '  itemprop=\"image\" itemscope=\"itemscope\" itemtype=\"https:\/\/schema.org\/ImageObject\"  ><div class='avia-image-container-inner'><div class='avia-image-overlay-wrap'><img decoding=\"async\" class='wp-image-3870 avia-img-lazy-loading-not-3870 avia_image' src=\"https:\/\/www.carsale24.com\/wp-content\/uploads\/2023\/05\/logo-800x600-autobild.png\" alt='' title='logo-800x600-autobild' height=\"600\" width=\"800\"  itemprop=\"thumbnailUrl\" srcset=\"https:\/\/www.carsale24.com\/wp-content\/uploads\/2023\/05\/logo-800x600-autobild.png 800w, https:\/\/www.carsale24.com\/wp-content\/uploads\/2023\/05\/logo-800x600-autobild-300x225.png 300w, https:\/\/www.carsale24.com\/wp-content\/uploads\/2023\/05\/logo-800x600-autobild-768x576.png 768w, https:\/\/www.carsale24.com\/wp-content\/uploads\/2023\/05\/logo-800x600-autobild-705x529.png 705w\" sizes=\"(max-width: 800px) 100vw, 800px\" \/><\/div><\/div><\/div><\/div><div class=\"flex_column av_two_third  flex_column_div av-zero-column-padding   avia-builder-el-25  el_after_av_one_third  avia-builder-el-last  \" style='border-radius:0px; '><section class=\"av_textblock_section \"  itemscope=\"itemscope\" itemtype=\"https:\/\/schema.org\/CreativeWork\" ><div class='avia_textblock  '   itemprop=\"text\" ><h3 style=\"text-align: left;\">Testbericht der AUTO BILD vom 15.03.2023<\/h3>\n<p style=\"text-align: left;\">In einem aktuellen Praxistest l\u00e4sst die Redaktion der AUTO BILD drei bekannte H\u00e4ndlerportale gegeneinander antreten und bietet als Lockvogel einen zw\u00f6lf Jahre alten VW Sharan zum Verkauf an. Das Fazit: Der Autoverkauf online ist durchaus lohnend und carsale24 geht als Preissieger hervor. Lesen Sie den vollst\u00e4ndigen Bericht auf autobild.de.<\/p>\n<\/div><\/section><br \/>\n<div  class='avia-button-wrap avia-button-left  avia-builder-el-27  el_after_av_textblock  avia-builder-el-last ' ><a href='https:\/\/www.autobild.de\/artikel\/wir-kaufen-dein-auto-mobile.de-carsale24.com-test-erfahrungen-21424415.html' class='avia-button  avia-color-theme-color   avia-icon_select-no avia-size-large avia-position-left ' target=\"_blank\" rel=\"noopener noreferrer\"><span class='avia_iconbox_title' >zum Bericht<\/span><\/a><\/div><\/p><\/div>\n\n<\/div><\/div><\/div><!-- close content main div --><\/div><\/div><div id='av_section_4'  class='avia-section main_color avia-section-default avia-no-border-styling  avia-bg-style-scroll  avia-builder-el-28  el_after_av_section  el_before_av_section   container_wrap fullsize' style=' '  ><div class='container' ><div class='template-page content  av-content-full alpha units'><div class='post-entry post-entry-type-page post-entry-6049'><div class='entry-content-wrapper clearfix'>\n<div class=\"flex_column av_one_third  flex_column_div av-zero-column-padding first  avia-builder-el-29  el_before_av_two_third  avia-builder-el-first  \" style='border-radius:0px; '><div  class='avia-image-container  av-styling-    avia-builder-el-30  avia-builder-el-no-sibling  avia-align-center '  itemprop=\"image\" itemscope=\"itemscope\" itemtype=\"https:\/\/schema.org\/ImageObject\"  ><div class='avia-image-container-inner'><div class='avia-image-overlay-wrap'><img decoding=\"async\" class='wp-image-3878 avia-img-lazy-loading-not-3878 avia_image' src=\"https:\/\/www.carsale24.com\/wp-content\/uploads\/2023\/05\/logo-800x600-warentest.png\" alt='' title='logo-800x600-warentest' height=\"600\" width=\"800\"  itemprop=\"thumbnailUrl\" srcset=\"https:\/\/www.carsale24.com\/wp-content\/uploads\/2023\/05\/logo-800x600-warentest.png 800w, https:\/\/www.carsale24.com\/wp-content\/uploads\/2023\/05\/logo-800x600-warentest-300x225.png 300w, https:\/\/www.carsale24.com\/wp-content\/uploads\/2023\/05\/logo-800x600-warentest-768x576.png 768w, https:\/\/www.carsale24.com\/wp-content\/uploads\/2023\/05\/logo-800x600-warentest-705x529.png 705w\" sizes=\"(max-width: 800px) 100vw, 800px\" \/><\/div><\/div><\/div><\/div><div class=\"flex_column av_two_third  flex_column_div av-zero-column-padding   avia-builder-el-31  el_after_av_one_third  el_before_av_one_third  \" style='border-radius:0px; '><section class=\"av_textblock_section \"  itemscope=\"itemscope\" itemtype=\"https:\/\/schema.org\/CreativeWork\" ><div class='avia_textblock  '   itemprop=\"text\" ><h3 style=\"text-align: left;\">Selbstversuch der Stiftung Warentest am 19.06.2018<\/h3>\n<p style=\"text-align: left;\">Stiftung Warentest macht den Selbstversuch und bietet einen Euro-5-Diesel bei regionalen H\u00e4ndlern in Berlin und auf verschiedenen Onlineportalen zum Verkauf an. Das Fazit: Der Verkauf von Dieselfahrzeugen gestaltet sich zu diesem Zeitpunkt schwierig, mit carsale24 erzielt der Redakteur jedoch den h\u00f6chsten Preis. Lesen Sie den vollst\u00e4ndigen Bericht auf test.de.<\/p>\n<\/div><\/section><br \/>\n<div  class='avia-button-wrap avia-button-left  avia-builder-el-33  el_after_av_textblock  avia-builder-el-last ' ><a href=\"https:\/\/www.test.de\/Auto-verkaufen-Wie-viel-ist-der-alte-Diesel-noch-wert-Ein-Selbstversuch-5332586-0\/\" class=\"avia-button  avia-color-theme-color   avia-icon_select-no avia-size-large avia-position-left \" target=\"_blank\" rel=\"noopener noreferrer\"><span class='avia_iconbox_title' >zum Bericht<\/span><\/a><\/div><\/p><\/div><div class=\"flex_column av_one_third  flex_column_div av-zero-column-padding first  avia-builder-el-34  el_after_av_two_third  el_before_av_one_third  column-top-margin\" style='border-radius:0px; '><\/div><div class=\"flex_column av_one_third  flex_column_div av-zero-column-padding   avia-builder-el-35  el_after_av_one_third  el_before_av_one_third  column-top-margin\" style='border-radius:0px; '><div  class='avia-button-wrap avia-button-center  avia-builder-el-36  avia-builder-el-no-sibling ' ><a href=\"https:\/\/app.carsale24.com\/de-de\/seller\/registration\/home\" class=\"avia-button   avia-icon_select-no avia-size-x-large avia-position-center \" style=\"background-color:#0fa23a; border-color:#0fa23a; color:#ffffff; \"><span class='avia_iconbox_title' >Auto kostenlos verkaufen<\/span><\/a><\/div><\/div><div class=\"flex_column av_one_third  flex_column_div av-zero-column-padding   avia-builder-el-37  el_after_av_one_third  avia-builder-el-last  column-top-margin\" style='border-radius:0px; '><\/div><\/div><\/div><\/div><!-- close content main div --><\/div><\/div><div id='av_section_5'  class='avia-section main_color avia-section-default avia-no-border-styling  avia-bg-style-scroll  avia-builder-el-38  el_after_av_section  el_before_av_section  trustpilot-carousel  container_wrap fullsize' style=' '  ><div class='container' ><div class='template-page content  av-content-full alpha units'><div class='post-entry post-entry-type-page post-entry-6049'><div class='entry-content-wrapper clearfix'>\n<div class=\"flex_column av_one_full  flex_column_div av-zero-column-padding first  avia-builder-el-39  avia-builder-el-no-sibling  \" style='border-radius:0px; '><section class=\"av_textblock_section \"  itemscope=\"itemscope\" itemtype=\"https:\/\/schema.org\/CreativeWork\" ><div class='avia_textblock  '   itemprop=\"text\" ><p><!-- TrustBox widget - Carousel --><\/p>\n<div class=\"trustpilot-widget\" data-locale=\"de-DE\" data-template-id=\"53aa8912dec7e10d38f59f36\" data-businessunit-id=\"5f8812946609d30001d42d11\" data-style-height=\"140px\" data-style-width=\"100%\" data-stars=\"4,5\" data-review-languages=\"de\"><a href=\"https:\/\/de.trustpilot.com\/review\/www.carsale24.com\" target=\"_blank\" rel=\"noopener\">Trustpilot<\/a><\/div>\n<p><!-- End TrustBox widget --><\/p>\n<\/div><\/section><\/div>\n<\/p>\n<\/div><\/div><\/div><!-- close content main div --><\/div><\/div><div id='av_section_6'  class='avia-section main_color avia-section-default avia-no-border-styling  avia-bg-style-scroll  avia-builder-el-41  el_after_av_section  avia-builder-el-last  ekomi-aussagen  container_wrap fullsize' style=' '  ><div class='container' ><div class='template-page content  av-content-full alpha units'><div class='post-entry post-entry-type-page post-entry-6049'><div class='entry-content-wrapper clearfix'>\n<div class='flex_column_table av-equal-height-column-flextable -flextable' ><div class=\"flex_column av_two_fifth  flex_column_table_cell av-equal-height-column av-align-top av-zero-column-padding first  avia-builder-el-42  el_before_av_three_fifth  avia-builder-el-first  ekomi-left \" style='border-radius:0px; '><section class=\"av_textblock_section \"  itemscope=\"itemscope\" itemtype=\"https:\/\/schema.org\/CreativeWork\" ><div class='avia_textblock  '   itemprop=\"text\" ><h2 class=\"title\">Sehr guter Service. <strong>Best\u00e4tigen unsere Kunden via eKomi.<\/strong><\/h2>\n<\/div><\/section><br \/>\n<section class=\"av_textblock_section \"  itemscope=\"itemscope\" itemtype=\"https:\/\/schema.org\/CreativeWork\" ><div class='avia_textblock  '   itemprop=\"text\" ><p>Als weltweit f\u00fchrendes Portal f\u00fcr Anbieterbewertungen besitzt eKomi einen hohen Stellenwert im Internet. Hier kommt alles auf den Tisch, was Kunden \u00fcber Produkte und Dienstleister denken &#8211; unabh\u00e4ngig und verifiziert.<\/p>\n<p><strong>Umso mehr freut es uns, dass wir seit Jahren dank H\u00f6chstwertungen unserer Kunden mit dem Goldsiegel ausgezeichnet werden.<\/strong><\/p>\n<p><strong>Alle Berichte ansehen: <a title=\"carsale24 auf eKomi\" href=\"https:\/\/www.ekomi.de\/bewertungen-carsale24.html\" target=\"_blank\" rel=\"noopener\">Hier<\/a><\/strong><\/p>\n<\/div><\/section><\/p><\/div><div class='av-flex-placeholder'><\/div><div class=\"flex_column av_three_fifth  flex_column_table_cell av-equal-height-column av-align-top av-zero-column-padding   avia-builder-el-45  el_after_av_two_fifth  avia-builder-el-last  ekomi-right schritte ekomi-slider \" style='border-radius:0px; '><section class=\"av_textblock_section \"  itemscope=\"itemscope\" itemtype=\"https:\/\/schema.org\/CreativeWork\" ><div class='avia_textblock  '   itemprop=\"text\" ><div class=\"flex_column_table\">\t\t\n\t\t\t\t\t\n\t\t\t\t\t<div class=\"item\">\n\t\t\t\t\t<div class=\"avia-image-overlay-wrap\">\n\t\t\t\t\t\t<img decoding=\"async\" class=\"avia_image\" src=\"https:\/\/app.carsale24.com\/de-de\/picture\/O66387968O131072O458752O38858241db8942e5a523f37bafa0f551\/inline\/normal\" alt=\"Ute T. Hamburg\" title=\"Ute T. Hamburg\" itemprop=\"thumbnailUrl\">\n\t\t\t\t\t<\/div>\n\n\t\n\n\t\t\t\t<div class=\"avia_textblock\">\n\t\t\t\t\t<div class=\"stars\">\n\t\t\t\t\t\t<div class=\"star\"><\/div>\n\t\t\t\t\t\t<div class=\"star\"><\/div>\n\t\t\t\t\t\t<div class=\"star\"><\/div>\n\t\t\t\t\t\t<div class=\"star\"><\/div>\n\t\t\t\t\t\t<div class=\"star\"><\/div>\n\t\t\t\t\t<\/div>\n\t\t\t\t\t<p class=\"name\">Ute T. Hamburg<\/p>\n\t\t\t\t\t<p class=\"car-title\">Ford Focus Facelift 1.6<\/p>\n\t\t\t\t\t<p class=\"content-item\">Freundliche und gute Beratung. Der angebotene Preis wurde eingehalten. <\/p>\t\n\t\t\t\t<\/div>\n\t\t<\/div>\t\t\n\t\t\t\t\t\n\t\t\t\t\t<div class=\"item\">\n\t\t\t\t\t<div class=\"avia-image-overlay-wrap\">\n\t\t\t\t\t\t<img decoding=\"async\" class=\"avia_image\" src=\"https:\/\/app.carsale24.com\/de-de\/picture\/O66387968O131072O294912Oa9e0ea91d1cf4596f0819022d50159b0\/inline\/normal\" alt=\"Michael B. Oberaula\" title=\"Michael B. Oberaula\" itemprop=\"thumbnailUrl\">\n\t\t\t\t\t<\/div>\n\n\t\n\n\t\t\t\t<div class=\"avia_textblock\">\n\t\t\t\t\t<div class=\"stars\">\n\t\t\t\t\t\t<div class=\"star\"><\/div>\n\t\t\t\t\t\t<div class=\"star\"><\/div>\n\t\t\t\t\t\t<div class=\"star\"><\/div>\n\t\t\t\t\t\t<div class=\"star\"><\/div>\n\t\t\t\t\t\t<div class=\"star\"><\/div>\n\t\t\t\t\t<\/div>\n\t\t\t\t\t<p class=\"name\">Michael B. Oberaula<\/p>\n\t\t\t\t\t<p class=\"car-title\">Audi Q4 E-Tron 45 Quattro<\/p>\n\t\t\t\t\t<p class=\"content-item\">Die gesamte Abwicklung vom <a href=\"https:\/\/www.carsale24.com\/ratgeber\/kfz-kaufvertrag\/\" data-internallinksmanager029f6b8e52c=\"3\" title=\"Kfz-Kaufvertrag\">Kaufvertrag<\/a> bis zur Abholung hat gut funktioniert. Meiner Meinung nach h\u00e4tte die Kommunikation zwecks Abkl\u00e4rung des Abholtermins mit dem H\u00e4ndler etwas besser laufen k\u00f6nnen - man h\u00e4tte sich Nachfragen ersparen k\u00f6nnen. Dennoch empfehlenswert!<\/p><div class=\"avia-button   avia-icon_select-no avia-size-x-large avia-position-left \" style=\"background-color:#1c3548; border-color:#1c3548; color:#ffffff; \">\n\t\t\t\t\t\t<span class=\"avia_iconbox_title more\">mehr<\/span>\n\t\t\t\t\t\t<span class=\"avia_iconbox_title less\">weniger<\/span>\n\t\t\t\t\t\t<\/div>\t\n\t\t\t\t<\/div>\n\t\t<\/div>\t\t\n\t\t\t\t\t\n\t\t\t\t\t<div class=\"item\">\n\t\t\t\t\t<div class=\"avia-image-overlay-wrap\">\n\t\t\t\t\t\t<img decoding=\"async\" class=\"avia_image\" src=\"https:\/\/app.carsale24.com\/de-de\/picture\/O66387968O131072O262144Ofa446d0c8394428dee40a8cb1ceb0b9e\/inline\/normal\" alt=\"Michael M. Erfurt\" title=\"Michael M. Erfurt\" itemprop=\"thumbnailUrl\">\n\t\t\t\t\t<\/div>\n\n\t\n\n\t\t\t\t<div class=\"avia_textblock\">\n\t\t\t\t\t<div class=\"stars\">\n\t\t\t\t\t\t<div class=\"star\"><\/div>\n\t\t\t\t\t\t<div class=\"star\"><\/div>\n\t\t\t\t\t\t<div class=\"star\"><\/div>\n\t\t\t\t\t\t<div class=\"star\"><\/div>\n\t\t\t\t\t\t<div class=\"star\"><\/div>\n\t\t\t\t\t<\/div>\n\t\t\t\t\t<p class=\"name\">Michael M. Erfurt<\/p>\n\t\t\t\t\t<p class=\"car-title\">Opel Vectra C CC 2.2<\/p>\n\t\t\t\t\t<p class=\"content-item\">Die Abwicklung und Unterst\u00fctzung beim Verkauf h\u00e4tte, meiner Meinung nach, nicht besser sein k\u00f6nnen. Vielen Vielen Dank f\u00fcr die Unterst\u00fctzung.<\/p>\t\n\t\t\t\t<\/div>\n\t\t<\/div><\/div>\n<\/div><\/section><\/div><\/div><!--close column table wrapper. Autoclose: 1 -->\n\n","protected":false},"excerpt":{"rendered":"","protected":false},"author":4,"featured_media":0,"parent":0,"menu_order":0,"comment_status":"closed","ping_status":"closed","template":"","meta":{"_acf_changed":false,"footnotes":""},"categories":[],"tags":[],"class_list":["post-6049","page","type-page","status-publish","hentry"],"acf":[],"_links":{"self":[{"href":"https:\/\/www.carsale24.com\/at\/wp-json\/wp\/v2\/pages\/6049","targetHints":{"allow":["GET"]}}],"collection":[{"href":"https:\/\/www.carsale24.com\/at\/wp-json\/wp\/v2\/pages"}],"about":[{"href":"https:\/\/www.carsale24.com\/at\/wp-json\/wp\/v2\/types\/page"}],"author":[{"embeddable":true,"href":"https:\/\/www.carsale24.com\/at\/wp-json\/wp\/v2\/users\/4"}],"replies":[{"embeddable":true,"href":"https:\/\/www.carsale24.com\/at\/wp-json\/wp\/v2\/comments?post=6049"}],"version-history":[{"count":26,"href":"https:\/\/www.carsale24.com\/at\/wp-json\/wp\/v2\/pages\/6049\/revisions"}],"predecessor-version":[{"id":8980,"href":"https:\/\/www.carsale24.com\/at\/wp-json\/wp\/v2\/pages\/6049\/revisions\/8980"}],"wp:attachment":[{"href":"https:\/\/www.carsale24.com\/at\/wp-json\/wp\/v2\/media?parent=6049"}],"wp:term":[{"taxonomy":"category","embeddable":true,"href":"https:\/\/www.carsale24.com\/at\/wp-json\/wp\/v2\/categories?post=6049"},{"taxonomy":"post_tag","embeddable":true,"href":"https:\/\/www.carsale24.com\/at\/wp-json\/wp\/v2\/tags?post=6049"}],"curies":[{"name":"wp","href":"https:\/\/api.w.org\/{rel}","templated":true}]}}