{"id":6005,"date":"2022-08-31T08:28:51","date_gmt":"2022-08-31T06:28:51","guid":{"rendered":"https:\/\/www.carsale24.com\/karriere\/"},"modified":"2025-02-17T13:28:18","modified_gmt":"2025-02-17T12:28:18","slug":"karriere","status":"publish","type":"page","link":"https:\/\/www.carsale24.com\/at\/karriere\/","title":{"rendered":"Karriere"},"content":{"rendered":"<div id='av_section_1'  class='avia-section main_color avia-section-default avia-no-border-styling  avia-bg-style-scroll  avia-builder-el-0  el_before_av_section  avia-builder-el-first   container_wrap fullsize' style=' '  ><div class='container' ><main  role=\"main\" itemprop=\"mainContentOfPage\"  class='template-page content  av-content-full alpha units'><div class='post-entry post-entry-type-page post-entry-6005'><div class='entry-content-wrapper clearfix'>\n<div class=\"flex_column av_one_half  flex_column_div av-zero-column-padding first  avia-builder-el-1  el_before_av_one_half  avia-builder-el-first  \" style='border-radius:0px; '><section class=\"av_textblock_section \"  itemscope=\"itemscope\" itemtype=\"https:\/\/schema.org\/CreativeWork\" ><div class='avia_textblock blog-under-headline '   itemprop=\"text\" ><h1 style=\"text-align: left;\"><strong>Wir stellen ein!<\/strong><\/h1>\n<p>Werde Teil des Teams: Bei uns findest Du ein dynamisches Arbeitsumfeld mit spannenden Aufgaben und Entwicklungsperspektiven! Wir suchen motivierte Talente, die mit uns gemeinsam den Verkauf von Gebrauchtwagen weiterentwickeln.<\/p>\n<p><strong>Details findest Du in unseren aktuellen Stellenangeboten<\/strong><\/p>\n<\/div><\/section><br \/>\n<div  class='avia-button-wrap avia-button-left  avia-builder-el-3  el_after_av_textblock  avia-builder-el-last ' ><a href='#offene-stellen'  class='avia-button  avia-font-color-theme-color  avia-icon_select-no avia-size-x-large avia-position-left '  style='background-color:#0fa23a; border-color:#0fa23a; ' ><span class='avia_iconbox_title' >Zu den Angeboten<\/span><span class='avia_button_background avia-button avia-color-custom' style='background-color:#0fa23a;'><\/span><\/a><\/div><\/p><\/div><div class=\"flex_column av_one_half  flex_column_div av-zero-column-padding   avia-builder-el-4  el_after_av_one_half  avia-builder-el-last  \" style='border-radius:0px; '><div  class='avia-image-container  av-styling-    avia-builder-el-5  avia-builder-el-no-sibling  avia-align-center '  itemprop=\"image\" itemscope=\"itemscope\" itemtype=\"https:\/\/schema.org\/ImageObject\"  ><div class='avia-image-container-inner'><div class='avia-image-overlay-wrap'><img decoding=\"async\" class='wp-image-6459 avia-img-lazy-loading-not-6459 avia_image' src=\"https:\/\/www.carsale24.com\/wp-content\/uploads\/2022\/07\/tesla-rear.png\" alt='Tesla in den carsale24 Farben' title='' height=\"254\" width=\"616\"  itemprop=\"thumbnailUrl\" srcset=\"https:\/\/www.carsale24.com\/wp-content\/uploads\/2022\/07\/tesla-rear.png 616w, https:\/\/www.carsale24.com\/wp-content\/uploads\/2022\/07\/tesla-rear-300x124.png 300w, https:\/\/www.carsale24.com\/wp-content\/uploads\/2022\/07\/tesla-rear-440x181.png 440w\" sizes=\"(max-width: 616px) 100vw, 616px\" \/><\/div><\/div><\/div><\/div>\n\n<\/div><\/div><\/main><!-- close content main element --><\/div><\/div><div id='av_section_2'  class='avia-section main_color avia-section-large avia-no-border-styling  avia-bg-style-scroll  avia-builder-el-6  el_after_av_section  el_before_av_section   container_wrap fullsize' style=' '  ><div class='container' ><div class='template-page content  av-content-full alpha units'><div class='post-entry post-entry-type-page post-entry-6005'><div class='entry-content-wrapper clearfix'>\n<section class=\"av_textblock_section \"  itemscope=\"itemscope\" itemtype=\"https:\/\/schema.org\/CreativeWork\" ><div class='avia_textblock blog-under-headline '   itemprop=\"text\" ><h2 class=\"title\" style=\"text-align: center;\">Werde Teil unserer<br \/>\n<strong class=\"h2\">Erfolgsgeschichte<\/strong><\/h2>\n<p style=\"text-align: center;\">carsale24 ist ein Unternehmen der carmoto tectum GmbH mit Sitz in Hamburg und Solingen. Wir sind ein digitales Dienstleistungsunternehmen, welches f\u00fcr Privatpersonen den Verkauf von Gebrauchtwagen online organisiert. Im Fokus steht dabei die digitale Vermittlung von Gebrauchtwagen an ein bundesweites Netzwerk von Autoh\u00e4ndlern. Wir m\u00f6chten sowohl den Ver- als auch den Ankauf von Gebrauchtwagen so einfach wie m\u00f6glich gestalten und setzen hier voll und ganz auf digitale Prozesse.<\/p>\n<\/div><\/section>\n\n<\/div><\/div><\/div><!-- close content main div --><\/div><\/div><div id='av_section_3'  class='avia-section main_color avia-section-no-padding avia-no-border-styling  avia-bg-style-scroll  avia-builder-el-8  el_after_av_section  el_before_av_section   container_wrap fullsize' style=' '  ><div class='container' ><div class='template-page content  av-content-full alpha units'><div class='post-entry post-entry-type-page post-entry-6005'><div class='entry-content-wrapper clearfix'>\n<div class=\"flex_column av_one_half  flex_column_div av-zero-column-padding first  avia-builder-el-9  el_before_av_one_half  avia-builder-el-first  \" style='border-radius:0px; '><article  class=\"iconbox iconbox_left_content    avia-builder-el-10  avia-builder-el-no-sibling  av-icon-style-no-border\"  itemscope=\"itemscope\" itemtype=\"https:\/\/schema.org\/CreativeWork\" ><div class=\"iconbox_icon heading-color\" aria-hidden='true' data-av_icon='\ue82b' data-av_iconfont='entypo-fontello'  ><\/div><div class=\"iconbox_content\"><header class=\"entry-content-header\"><h3 class='iconbox_content_title  '  itemprop=\"headline\"  >Deine Vorteile<\/h3><\/header><div class='iconbox_content_container  '  itemprop=\"text\"  ><ul>\n<li>Kommunikation auf Augenh\u00f6he<\/li>\n<li>Sehr gute Entwicklungsperspektiven<\/li>\n<li>Attraktive Lage in der Hamburger Innenstadt<\/li>\n<li>M\u00f6glichkeit zum hybriden arbeiten (2 Tage Home Office)<\/li>\n<li>Kostenfreie Snacks, Obst, Getr\u00e4nke, Tee und Kaffee im B\u00fcro<\/li>\n<li>Unterst\u00fctzung der betrieblichen Altersvorsorge<\/li>\n<li>Fahrtkostenzuschuss<\/li>\n<\/ul>\n<\/div><\/div><footer class=\"entry-footer\"><\/footer><\/article><\/div><div class=\"flex_column av_one_half  flex_column_div av-zero-column-padding   avia-builder-el-11  el_after_av_one_half  el_before_av_hr  \" style='border-radius:0px; '><article  class=\"iconbox iconbox_left_content    avia-builder-el-12  avia-builder-el-no-sibling  av-icon-style-no-border\"  itemscope=\"itemscope\" itemtype=\"https:\/\/schema.org\/CreativeWork\" ><div class=\"iconbox_icon heading-color\" aria-hidden='true' data-av_icon='\ue805' data-av_iconfont='entypo-fontello'  ><\/div><div class=\"iconbox_content\"><header class=\"entry-content-header\"><h3 class='iconbox_content_title  '  itemprop=\"headline\"  >Deine Ansprechpartnerin<\/h3><\/header><div class='iconbox_content_container  '  itemprop=\"text\"  ><p><img decoding=\"async\" class=\"alignleft wp-image-8022 size-medium\" src=\"https:\/\/www.carsale24.com\/wp-content\/uploads\/Sonja_Schake-e1739794226186-226x300.jpg\" alt=\"\" width=\"226\" height=\"300\" srcset=\"https:\/\/www.carsale24.com\/wp-content\/uploads\/Sonja_Schake-e1739794226186-226x300.jpg 226w, https:\/\/www.carsale24.com\/wp-content\/uploads\/Sonja_Schake-e1739794226186-777x1030.jpg 777w, https:\/\/www.carsale24.com\/wp-content\/uploads\/Sonja_Schake-e1739794226186-768x1018.jpg 768w, https:\/\/www.carsale24.com\/wp-content\/uploads\/Sonja_Schake-e1739794226186-532x705.jpg 532w, https:\/\/www.carsale24.com\/wp-content\/uploads\/Sonja_Schake-e1739794226186.jpg 1042w\" sizes=\"(max-width: 226px) 100vw, 226px\" \/><\/p>\n<p><strong>Sonja Schake<\/strong><br \/>\n<a href=\"mailto:jobs@carsale24.de\">jobs@carsale24.de<\/a><\/p>\n<p>Ich freue mich auf Deine Bewerbung! Bei Fragen stehe ich Dir gerne jederzeit zur Seite.<\/p>\n<\/div><\/div><footer class=\"entry-footer\"><\/footer><\/article><\/div><div  style='height:60px' class='hr hr-invisible   avia-builder-el-13  el_after_av_one_half  avia-builder-el-last '><span class='hr-inner ' ><span class='hr-inner-style'><\/span><\/span><\/div>\n<\/div><\/div><\/div><!-- close content main div --><\/div><\/div><div id='offene-stellen'  class='avia-section main_color avia-section-large avia-no-border-styling  avia-bg-style-scroll  avia-builder-el-14  el_after_av_section  avia-builder-el-last   container_wrap fullsize' style='background-color: #ffffff;  '  ><div class='container' ><div class='template-page content  av-content-full alpha units'><div class='post-entry post-entry-type-page post-entry-6005'><div class='entry-content-wrapper clearfix'>\n<section class=\"av_textblock_section \"  itemscope=\"itemscope\" itemtype=\"https:\/\/schema.org\/CreativeWork\" ><div class='avia_textblock blog-under-headline '   itemprop=\"text\" ><h2 class=\"title\" style=\"text-align: left;\">Aktuelle <strong class=\"h2\">Stellenangebote<\/strong><\/h2>\n<\/div><\/section>\n<div  style='height:20px' class='hr hr-invisible   avia-builder-el-16  el_after_av_textblock  el_before_av_codeblock '><span class='hr-inner ' ><span class='hr-inner-style'><\/span><\/span><\/div>\n\n<\/p>\n","protected":false},"excerpt":{"rendered":"","protected":false},"author":5,"featured_media":0,"parent":0,"menu_order":0,"comment_status":"closed","ping_status":"closed","template":"","meta":{"_acf_changed":false,"footnotes":""},"categories":[],"tags":[],"class_list":["post-6005","page","type-page","status-publish","hentry"],"acf":[],"_links":{"self":[{"href":"https:\/\/www.carsale24.com\/at\/wp-json\/wp\/v2\/pages\/6005","targetHints":{"allow":["GET"]}}],"collection":[{"href":"https:\/\/www.carsale24.com\/at\/wp-json\/wp\/v2\/pages"}],"about":[{"href":"https:\/\/www.carsale24.com\/at\/wp-json\/wp\/v2\/types\/page"}],"author":[{"embeddable":true,"href":"https:\/\/www.carsale24.com\/at\/wp-json\/wp\/v2\/users\/5"}],"replies":[{"embeddable":true,"href":"https:\/\/www.carsale24.com\/at\/wp-json\/wp\/v2\/comments?post=6005"}],"version-history":[{"count":2,"href":"https:\/\/www.carsale24.com\/at\/wp-json\/wp\/v2\/pages\/6005\/revisions"}],"predecessor-version":[{"id":8025,"href":"https:\/\/www.carsale24.com\/at\/wp-json\/wp\/v2\/pages\/6005\/revisions\/8025"}],"wp:attachment":[{"href":"https:\/\/www.carsale24.com\/at\/wp-json\/wp\/v2\/media?parent=6005"}],"wp:term":[{"taxonomy":"category","embeddable":true,"href":"https:\/\/www.carsale24.com\/at\/wp-json\/wp\/v2\/categories?post=6005"},{"taxonomy":"post_tag","embeddable":true,"href":"https:\/\/www.carsale24.com\/at\/wp-json\/wp\/v2\/tags?post=6005"}],"curies":[{"name":"wp","href":"https:\/\/api.w.org\/{rel}","templated":true}]}}