{"id":5992,"date":"2022-12-19T10:31:39","date_gmt":"2022-12-19T09:31:39","guid":{"rendered":"https:\/\/www.carsale24.com\/kontakt\/beratung\/"},"modified":"2022-12-19T10:31:39","modified_gmt":"2022-12-19T09:31:39","slug":"beratung","status":"publish","type":"page","link":"https:\/\/www.carsale24.com\/at\/kontakt\/beratung\/","title":{"rendered":"Beratung"},"content":{"rendered":"<div class=\"flex_column av_one_full  flex_column_div av-zero-column-padding first  avia-builder-el-0  el_before_av_textblock  avia-builder-el-first  \" style='border-radius:0px; '><section class=\"av_textblock_section \"  itemscope=\"itemscope\" itemtype=\"https:\/\/schema.org\/CreativeWork\" ><div class='avia_textblock haendler '   itemprop=\"text\" ><h2 class=\"hl hl-margin\">Beratung erw\u00fcnscht?<br \/><strong>Gerne beraten wir Sie telefonisch.<\/strong><\/h2>\n<div class=\"paragraph\">\n<p>carsale24 erm\u00f6glicht einen unkomplizierten Verkauf Ihres Gebrauchtwagens. Das carsale24-Team \u00fcbernimmt hierbei den gesamten Verkaufsprozess und vermittelt Ihr Auto an einen meistbietenden K\u00e4ufer. Der Vorteil f\u00fcr Sie liegt darin, dass Sie keinen Termin, keine Besichtigung, keine Probefahrt organisieren m\u00fcssen, sondern Ihr Fahrzeug bequem und sicher von zuhause aus verkaufen k\u00f6nnen.<\/p>\n<p>carsale24 \u00fcbernimmt den gesamten Verkaufsprozess des Gebrauchtwagens. Hierbei werden alle notwendigen Daten des Fahrzeugs aufgenommen und den K\u00e4ufern in einer Gebotsrunde zur Verf\u00fcgung gestellt. Gerne beraten wir Sie bzgl. Ihres Autoverkaufs.<\/p>\n<p><strong>Vereinbaren Sie einfach hier einen Termin mit einem unserer Berater:<\/strong><\/p>\n<\/div>\n<\/div><\/section><\/div>\n<section class=\"av_textblock_section \"  itemscope=\"itemscope\" itemtype=\"https:\/\/schema.org\/CreativeWork\" ><div class='avia_textblock  '   itemprop=\"text\" ><p><iframe id=\"btiframe\" src=\"https:\/\/satellite.booking-time.com\/?key=8675d7a3c6ec3c2e&amp;initialWidth=1170&amp;childId=bookingtimeSatelliteIframe_8675d7a3c6ec3c2e&amp;parentTitle=carsale24&amp;parentUrl=https%3A%2F%2Fwww.carsale24.com%2Fde-de%2Fservice%2Fappointment\"><\/iframe><\/p>\n<\/div><\/section>\n","protected":false},"excerpt":{"rendered":"","protected":false},"author":4,"featured_media":0,"parent":5936,"menu_order":0,"comment_status":"closed","ping_status":"closed","template":"","meta":{"_acf_changed":false,"footnotes":""},"categories":[],"tags":[],"class_list":["post-5992","page","type-page","status-publish","hentry"],"acf":[],"_links":{"self":[{"href":"https:\/\/www.carsale24.com\/at\/wp-json\/wp\/v2\/pages\/5992","targetHints":{"allow":["GET"]}}],"collection":[{"href":"https:\/\/www.carsale24.com\/at\/wp-json\/wp\/v2\/pages"}],"about":[{"href":"https:\/\/www.carsale24.com\/at\/wp-json\/wp\/v2\/types\/page"}],"author":[{"embeddable":true,"href":"https:\/\/www.carsale24.com\/at\/wp-json\/wp\/v2\/users\/4"}],"replies":[{"embeddable":true,"href":"https:\/\/www.carsale24.com\/at\/wp-json\/wp\/v2\/comments?post=5992"}],"version-history":[{"count":0,"href":"https:\/\/www.carsale24.com\/at\/wp-json\/wp\/v2\/pages\/5992\/revisions"}],"up":[{"embeddable":true,"href":"https:\/\/www.carsale24.com\/at\/wp-json\/wp\/v2\/pages\/5936"}],"wp:attachment":[{"href":"https:\/\/www.carsale24.com\/at\/wp-json\/wp\/v2\/media?parent=5992"}],"wp:term":[{"taxonomy":"category","embeddable":true,"href":"https:\/\/www.carsale24.com\/at\/wp-json\/wp\/v2\/categories?post=5992"},{"taxonomy":"post_tag","embeddable":true,"href":"https:\/\/www.carsale24.com\/at\/wp-json\/wp\/v2\/tags?post=5992"}],"curies":[{"name":"wp","href":"https:\/\/api.w.org\/{rel}","templated":true}]}}